{"id":329,"date":"2018-08-08T15:21:00","date_gmt":"2018-08-08T15:21:00","guid":{"rendered":"https:\/\/try.chethemes.com\/jobhunt\/?page_id=329"},"modified":"2025-02-18T14:16:34","modified_gmt":"2025-02-18T11:16:34","slug":"register-login","status":"publish","type":"page","link":"https:\/\/neet.osmaniye.edu.tr\/egitimisplatformu\/register-login\/","title":{"rendered":"Kaydol \/ Giri\u015f Yap"},"content":{"rendered":"            <div class=\"jobhunt-register-login-form\">\n                <div class=\"jobhunt-register-login-form-inner\">\n                    <ul class=\"nav\" role=\"tablist\">\n                        <li class=\"nav-item\">\n                            <a class=\"nav-link active\" id=\"jh-register-tab\" data-toggle=\"pill\" href=\"#jh-register-tab-content\" role=\"tab\" aria-controls=\"jh-register-tab-content\" aria-selected=\"true\">Register<\/a>\n                        <\/li>\n                        <li class=\"nav-item\">\n                            <a class=\"nav-link\" id=\"jh-login-tab\" data-toggle=\"pill\" href=\"#jh-login-tab-content\" role=\"tab\" aria-controls=\"jh-login-tab-content\" aria-selected=\"false\">Login<\/a>\n                        <\/li>\n                    <\/ul>\n                    <div class=\"tab-content\">\n                        <div class=\"tab-pane fade show active\" id=\"jh-register-tab-content\" role=\"tabpanel\" aria-labelledby=\"jh-register-tab\">            <div class=\"entry-header\">\n                <h3 class=\"headline\">Kaydol<\/h3>\n            <\/div>\n\n            \n            <form id=\"jobhunt_registration_form\" class=\"jobhunt_registration_form\" action=\"#\" method=\"POST\">\n                <p class=\"status\"><\/p>\n                <fieldset>\n                                                                <p>\n                            <label for=\"jobhunt_register_user_login\">Username                                <input name=\"jobhunt_user_login\" id=\"jobhunt_register_user_login\" class=\"required\" type=\"text\"\/>\n                            <\/label>\n                        <\/p>\n                                        <p>\n                        <label for=\"jobhunt_register_user_email\">Email                            <input name=\"jobhunt_user_email\" id=\"jobhunt_register_user_email\" class=\"required\" type=\"email\"\/>\n                        <\/label>\n                    <\/p>\n                    <p class=\"hidden\">\n                        <label for=\"confirm_email\">Please leave this field empty<\/label>\n                        <input type=\"text\" name=\"confirm_email\" id=\"confirm_email\" class=\"input\" value=\"\">\n                    <\/p>\n\n                                                                <p>\n                            <label for=\"jobhunt_register_user_role\">I want to register as<\/label>\n                            <select name=\"jobhunt_user_role\" id=\"jobhunt_register_user_role\" class=\"input chosen-select\">\n                                <option value=\"candidate\">Candidate<\/option>\n                                <option value=\"employer\">Employer<\/option>\n                            <\/select>\n                        <\/p>\n                                                            <p>\n                        <input type=\"hidden\" name=\"jobhunt_register_nonce\" value=\"26b55e2cd5\"\/>\n                        <input type=\"hidden\" name=\"jobhunt_register_check\" value=\"1\"\/>\n                        <input type=\"hidden\" id=\"register-security\" name=\"register-security\" value=\"efdeab60b4\" \/><input type=\"hidden\" name=\"_wp_http_referer\" value=\"\/egitimisplatformu\/wp-json\/wp\/v2\/pages\/329\" \/>                        <input type=\"submit\" value=\"Kaydol\"\/>\n                    <\/p>\n                <\/fieldset>\n            <\/form>\n\n            <\/div>\n                        <div class=\"tab-pane fade\" id=\"jh-login-tab-content\" role=\"tabpanel\" aria-labelledby=\"jh-login-tab\">            <div class=\"entry-header\">\n                <h3 class=\"headline\">Giri\u015f Yap<\/h3>\n            <\/div>\n\n            \n            <form id=\"jobhunt_login_form\"  class=\"jobhunt_login_form\" action=\"#\" method=\"post\">\n                <p class=\"status\"><\/p>\n                <fieldset>\n                    <p>\n                        <label for=\"jobhunt_user_login\">Kullan\u0131c\u0131 Ad\u0131 ya da mail adresi yaz\u0131n                            <input name=\"jobhunt_user_login\" id=\"jobhunt_user_login\" class=\"required\" type=\"text\"\/>\n                        <\/label>\n                    <\/p>\n                    <p>\n                        <label for=\"jobhunt_user_pass\">Password                            <input name=\"jobhunt_user_pass\" id=\"jobhunt_user_pass\" class=\"required\" type=\"password\"\/>\n                        <\/label>\n                    <\/p>\n                    <p>\n                        <input type=\"hidden\" id=\"jobhunt_login_nonce\" name=\"jobhunt_login_nonce\" value=\"4b4ad9eb5b\"\/>\n                        <input type=\"hidden\" name=\"jobhunt_login_check\" value=\"1\"\/>\n                        <input type=\"hidden\" id=\"login-security\" name=\"login-security\" value=\"25ebc9c448\" \/><input type=\"hidden\" name=\"_wp_http_referer\" value=\"\/egitimisplatformu\/wp-json\/wp\/v2\/pages\/329\" \/>                        <input id=\"jobhunt_login_submit\" type=\"submit\" value=\"Giri\u015f Yap\"\/>\n                    <\/p>\n                    <p><a href=\"https:\/\/neet.osmaniye.edu.tr\/egitimisplatformu\/my-account\/lost-password\/\" title=\"Lost Password?\">Lost Password?<\/a><\/p>\n                <\/fieldset>\n            <\/form>\n\n            <\/div>\n                    <\/div>\n                <\/div>\n            <\/div>\n            \n","protected":false},"excerpt":{"rendered":"","protected":false},"author":1,"featured_media":0,"parent":0,"menu_order":0,"comment_status":"closed","ping_status":"closed","template":"","meta":{"footnotes":""},"class_list":["post-329","page","type-page","status-publish","hentry"],"_links":{"self":[{"href":"https:\/\/neet.osmaniye.edu.tr\/egitimisplatformu\/wp-json\/wp\/v2\/pages\/329","targetHints":{"allow":["GET"]}}],"collection":[{"href":"https:\/\/neet.osmaniye.edu.tr\/egitimisplatformu\/wp-json\/wp\/v2\/pages"}],"about":[{"href":"https:\/\/neet.osmaniye.edu.tr\/egitimisplatformu\/wp-json\/wp\/v2\/types\/page"}],"author":[{"embeddable":true,"href":"https:\/\/neet.osmaniye.edu.tr\/egitimisplatformu\/wp-json\/wp\/v2\/users\/1"}],"replies":[{"embeddable":true,"href":"https:\/\/neet.osmaniye.edu.tr\/egitimisplatformu\/wp-json\/wp\/v2\/comments?post=329"}],"version-history":[{"count":1,"href":"https:\/\/neet.osmaniye.edu.tr\/egitimisplatformu\/wp-json\/wp\/v2\/pages\/329\/revisions"}],"predecessor-version":[{"id":1340,"href":"https:\/\/neet.osmaniye.edu.tr\/egitimisplatformu\/wp-json\/wp\/v2\/pages\/329\/revisions\/1340"}],"wp:attachment":[{"href":"https:\/\/neet.osmaniye.edu.tr\/egitimisplatformu\/wp-json\/wp\/v2\/media?parent=329"}],"curies":[{"name":"wp","href":"https:\/\/api.w.org\/{rel}","templated":true}]}}